{"id":454,"date":"2026-01-13T16:19:53","date_gmt":"2026-01-13T16:19:53","guid":{"rendered":"https:\/\/iterla.com\/?page_id=454"},"modified":"2026-03-30T16:35:49","modified_gmt":"2026-03-30T16:35:49","slug":"home-2026","status":"publish","type":"page","link":"https:\/\/aws.iterla.com\/es\/","title":{"rendered":"Home Iterla"},"content":{"rendered":"<div data-elementor-type=\"wp-page\" data-elementor-id=\"454\" class=\"elementor elementor-454\">\n\t\t\t\t<div class=\"elementor-element elementor-element-8b167de e-con-full e-flex e-con e-parent\" data-id=\"8b167de\" data-element_type=\"container\" data-e-type=\"container\" id=\"page_header\" data-settings=\"{&quot;background_background&quot;:&quot;classic&quot;}\">\n\t\t\t\t<div class=\"elementor-element elementor-element-d585bdd elementor-widget elementor-widget-html\" data-id=\"d585bdd\" data-element_type=\"widget\" data-e-type=\"widget\" data-widget_type=\"html.default\">\n\t\t\t\t<div class=\"elementor-widget-container\">\n\t\t\t\t\t<!--div style=\"--pos:0;\" id=\"submenu\">\n    <span onclick=\"menu_ir('about_main');\">About Us<\/span>\n    <span onclick=\"menu_ir('directors');\">Directors<\/span>\n    <span onclick=\"menu_ir('executives');\">Executives<\/span>\n    <span onclick=\"menu_ir('team');\">Meet the Team<\/span>\n<\/div-->\t\t\t\t<\/div>\n\t\t\t\t<\/div>\n\t\t\t\t<div class=\"elementor-element elementor-element-435115e elementor-widget elementor-widget-heading\" data-id=\"435115e\" data-element_type=\"widget\" data-e-type=\"widget\" data-widget_type=\"heading.default\">\n\t\t\t\t<div class=\"elementor-widget-container\">\n\t\t\t\t\t<h1 class=\"elementor-heading-title elementor-size-default\">Dise\u00f1ando su futuro a trav\u00e9s de la visi\u00f3n, la planificaci\u00f3n estrat\u00e9gica <br \/><b>y la gesti\u00f3n experta del capital<\/b><\/h1>\t\t\t\t<\/div>\n\t\t\t\t<\/div>\n\t\t\t\t<div class=\"elementor-element elementor-element-590b59c elementor-widget elementor-widget-html\" data-id=\"590b59c\" data-element_type=\"widget\" data-e-type=\"widget\" data-widget_type=\"html.default\">\n\t\t\t\t<div class=\"elementor-widget-container\">\n\t\t\t\t\t<div id=\"page_header_links\">\n    <a href=\"\/es\/.\/contact\/\" class=\"outline\">Cont\u00e1ctenos <i class=\"fa fa-caret-right\"><\/i><\/a>\n<\/div>\t\t\t\t<\/div>\n\t\t\t\t<\/div>\n\t\t\t\t<\/div>\n\t\t<div class=\"elementor-element elementor-element-abd2417 e-con-full e-flex e-con e-parent\" data-id=\"abd2417\" data-element_type=\"container\" data-e-type=\"container\" id=\"about_main\">\n\t\t<div class=\"elementor-element elementor-element-3c6a0ba e-con-full e-flex e-con e-child\" data-id=\"3c6a0ba\" data-element_type=\"container\" data-e-type=\"container\">\n\t\t\t\t<div class=\"elementor-element elementor-element-671d127 e-transform elementor-widget elementor-widget-image\" data-id=\"671d127\" data-element_type=\"widget\" data-e-type=\"widget\" data-settings=\"{&quot;_transform_translateY_effect&quot;:{&quot;unit&quot;:&quot;em&quot;,&quot;size&quot;:-6,&quot;sizes&quot;:[]},&quot;_transform_translateY_effect_tablet&quot;:{&quot;unit&quot;:&quot;em&quot;,&quot;size&quot;:&quot;&quot;,&quot;sizes&quot;:[]},&quot;_transform_translateY_effect_mobile&quot;:{&quot;unit&quot;:&quot;em&quot;,&quot;size&quot;:0,&quot;sizes&quot;:[]},&quot;_transform_translateX_effect&quot;:{&quot;unit&quot;:&quot;px&quot;,&quot;size&quot;:&quot;&quot;,&quot;sizes&quot;:[]},&quot;_transform_translateX_effect_tablet&quot;:{&quot;unit&quot;:&quot;px&quot;,&quot;size&quot;:&quot;&quot;,&quot;sizes&quot;:[]},&quot;_transform_translateX_effect_mobile&quot;:{&quot;unit&quot;:&quot;px&quot;,&quot;size&quot;:&quot;&quot;,&quot;sizes&quot;:[]}}\" data-widget_type=\"image.default\">\n\t\t\t\t<div class=\"elementor-widget-container\">\n\t\t\t\t\t\t\t\t\t\t\t\t\t\t\t<img fetchpriority=\"high\" decoding=\"async\" width=\"722\" height=\"1024\" src=\"https:\/\/aws.iterla.com\/wp-content\/uploads\/2025\/05\/about_building-722x1024.jpg\" class=\"attachment-large size-large wp-image-150\" alt=\"\" srcset=\"https:\/\/aws.iterla.com\/wp-content\/uploads\/2025\/05\/about_building-722x1024.jpg 722w, https:\/\/aws.iterla.com\/wp-content\/uploads\/2025\/05\/about_building-212x300.jpg 212w, https:\/\/aws.iterla.com\/wp-content\/uploads\/2025\/05\/about_building-8x12.jpg 8w, https:\/\/aws.iterla.com\/wp-content\/uploads\/2025\/05\/about_building.jpg 742w\" sizes=\"(max-width: 722px) 100vw, 722px\" \/>\t\t\t\t\t\t\t\t\t\t\t\t\t\t\t<\/div>\n\t\t\t\t<\/div>\n\t\t\t\t<\/div>\n\t\t<div class=\"elementor-element elementor-element-a563a29 e-con-full e-flex e-con e-child\" data-id=\"a563a29\" data-element_type=\"container\" data-e-type=\"container\">\n\t\t\t\t<div class=\"elementor-element elementor-element-b3b4b0c elementor-widget elementor-widget-text-editor\" data-id=\"b3b4b0c\" data-element_type=\"widget\" data-e-type=\"widget\" data-widget_type=\"text-editor.default\">\n\t\t\t\t<div class=\"elementor-widget-container\">\n\t\t\t\t\t\t\t\t\t<p>En Iterla, creemos que todo recorrido financiero merece una orientaci\u00f3n experta, una perspectiva global y claridad estrat\u00e9gica; y nuestro nombre refleja precisamente eso.<\/p><p>\u00abITER\u00bb, t\u00e9rmino de origen latino, significa \u00abrecorrido\u00bb o \u00abcamino\u00bb: una met\u00e1fora muy acertada para la progresi\u00f3n meditada que se requiere a la hora de generar patrimonio y desenvolverse en los mercados financieros. Representa nuestro enfoque estructurado y con visi\u00f3n de futuro en la gesti\u00f3n de inversiones.<\/p><p>\u00abLA\u00bb, adem\u00e1s de hacer referencia a nuestras ra\u00edces en Am\u00e9rica Latina, va m\u00e1s all\u00e1 de la geograf\u00eda. Evoca el acceso fluido (Liquid Access), los activos apalancados (Leveraged Asset) y el flujo continuo de capital, todos ellos elementos fundamentales de la inversi\u00f3n global moderna.<\/p><p>En conjunto, <strong>ITERLA significa: \u00abUn camino guiado a trav\u00e9s de los mercados de capitales globales\u00bb.<br \/><\/strong>Desde nuestra sede en Panam\u00e1, operamos con una perspectiva global, lo que permite a nuestros clientes acceder a carteras diversificadas, estrategias innovadoras y oportunidades transfronterizas.\n\nYa sea que desee hacer crecer, preservar o transferir su patrimonio, Iterla le ofrece la experiencia, la tecnolog\u00eda y la confianza necesarias para guiarle en cada paso de su trayectoria financiera.<\/p>\t\t\t\t\t\t\t\t<\/div>\n\t\t\t\t<\/div>\n\t\t\t\t<div class=\"elementor-element elementor-element-ff2b4ba elementor-widget elementor-widget-html\" data-id=\"ff2b4ba\" data-element_type=\"widget\" data-e-type=\"widget\" data-widget_type=\"html.default\">\n\t\t\t\t<div class=\"elementor-widget-container\">\n\t\t\t\t\t<div class=\"news_carrousel\">\n    <!--div class=\"news_carrousel_controls\">\n        <img decoding=\"async\" src=\"https:\/\/iterla.com\/wp-content\/themes\/iterla\/images\/caret-left.svg\" alt=\"<\" onclick=\"news_go(-1);\" \/>\n    <\/div-->\n    <div class=\"news_carrousel_contents\">\n        \n        <div class=\"new\">\n              <span>Febrero<\/span>\n              <strong>2025<\/strong>\n              <p>Recibi\u00f3 la licencia oficial para operar como casa de bolsa, otorgada por la Superintendencia del Mercado de Valores de la Rep\u00fablica de Panam\u00e1.<\/p>\n        <\/div>\n        \n        <div class=\"new\">\n              <span>Mayo<\/span>\n              <strong>2025<\/strong>\n              <p>Comenz\u00f3 oficialmente sus operaciones, marcando el inicio de su misi\u00f3n de ofrecer soluciones de inversi\u00f3n especializadas con transparencia, innovaci\u00f3n y una visi\u00f3n global.<\/p>\n        <\/div>\n        \n        <!--div class=\"new\">\n              <span>May<\/span>\n              <strong>2025<\/strong>\n              <p>Officially commenced operations, marking the beginning of its mission to deliver expert investment solutions with transparency, innovation and global vision.<\/p>\n        <\/div-->\n        \n    <\/div>\n    <!--div class=\"news_carrousel_controls\">\n        <img decoding=\"async\" src=\"https:\/\/iterla.com\/wp-content\/themes\/iterla\/images\/caret-right.svg\" alt=\"<\" onclick=\"news_go(1);\" \/>\n    <\/div-->\n<\/div>\n<!--div class=\"news_carrousel_dots\">\n    <span class=\"active\" onclick=\"view_new(0);\"><\/span>\n    <span onclick=\"view_new(1);\"><\/span>\n<\/div-->\t\t\t\t<\/div>\n\t\t\t\t<\/div>\n\t\t\t\t<\/div>\n\t\t\t\t<\/div>\n\t\t\t\t<\/div>","protected":false},"excerpt":{"rendered":"","protected":false},"author":1,"featured_media":0,"parent":0,"menu_order":0,"comment_status":"closed","ping_status":"closed","template":"","meta":{"footnotes":""},"class_list":["post-454","page","type-page","status-publish","hentry"],"_links":{"self":[{"href":"https:\/\/aws.iterla.com\/es\/wp-json\/wp\/v2\/pages\/454","targetHints":{"allow":["GET"]}}],"collection":[{"href":"https:\/\/aws.iterla.com\/es\/wp-json\/wp\/v2\/pages"}],"about":[{"href":"https:\/\/aws.iterla.com\/es\/wp-json\/wp\/v2\/types\/page"}],"author":[{"embeddable":true,"href":"https:\/\/aws.iterla.com\/es\/wp-json\/wp\/v2\/users\/1"}],"replies":[{"embeddable":true,"href":"https:\/\/aws.iterla.com\/es\/wp-json\/wp\/v2\/comments?post=454"}],"version-history":[{"count":0,"href":"https:\/\/aws.iterla.com\/es\/wp-json\/wp\/v2\/pages\/454\/revisions"}],"wp:attachment":[{"href":"https:\/\/aws.iterla.com\/es\/wp-json\/wp\/v2\/media?parent=454"}],"curies":[{"name":"wp","href":"https:\/\/api.w.org\/{rel}","templated":true}]}}